{"id":1199,"date":"2024-12-19T05:56:38","date_gmt":"2024-12-19T05:56:38","guid":{"rendered":"https:\/\/alfakher24h.de\/?post_type=product&#038;p=1199"},"modified":"2025-07-16T07:25:09","modified_gmt":"2025-07-16T07:25:09","slug":"tornado-aleatorio-12000-inhalaciones-cigarrillo-electronico-desechable-hielo-melocoton","status":"publish","type":"product","link":"https:\/\/alfakher24h.de\/es\/producto\/tornado-aleatorio-12000-inhalaciones-cigarrillo-electronico-desechable-hielo-melocoton\/","title":{"rendered":"Tornado 12000 Aleatorio - Cigarrillo Electr\u00f3nico Desechable - Sabor Durazno Hielo"},"content":{"rendered":"<h2><strong>Random Tornado 12000 Z\u00fcge Einweg E Zigarette \u2013 Peach Ice: Perfekte Leistung und Geschmack f\u00fcr anspruchsvolle Dampfer\n\n se convierte en \n\n Random Tornado 12000 Z\u00fcge Einweg E Zigarette \u2013 Peach Ice: Rendimiento perfecto y sabor para vapeadores exigentes<\/strong><\/h2>\n<p><img loading=\"lazy\" decoding=\"async\" class=\"alignnone size-full wp-image-1176\" src=\"https:\/\/alfakher24h.de\/wp-content\/uploads\/2024\/12\/Fumot-RandM-Digital-Box-12000-Puffs.webp\" alt=\"Fumot-RandM-Digital-Box-12000\" width=\"1280\" height=\"1810\" title=\"\" srcset=\"https:\/\/alfakher24h.de\/wp-content\/uploads\/2024\/12\/Fumot-RandM-Digital-Box-12000-Puffs.webp 1280w, https:\/\/alfakher24h.de\/wp-content\/uploads\/2024\/12\/Fumot-RandM-Digital-Box-12000-Puffs-212x300.webp 212w, https:\/\/alfakher24h.de\/wp-content\/uploads\/2024\/12\/Fumot-RandM-Digital-Box-12000-Puffs-724x1024.webp 724w, https:\/\/alfakher24h.de\/wp-content\/uploads\/2024\/12\/Fumot-RandM-Digital-Box-12000-Puffs-768x1086.webp 768w, https:\/\/alfakher24h.de\/wp-content\/uploads\/2024\/12\/Fumot-RandM-Digital-Box-12000-Puffs-1086x1536.webp 1086w, https:\/\/alfakher24h.de\/wp-content\/uploads\/2024\/12\/Fumot-RandM-Digital-Box-12000-Puffs-8x12.webp 8w, https:\/\/alfakher24h.de\/wp-content\/uploads\/2024\/12\/Fumot-RandM-Digital-Box-12000-Puffs-600x848.webp 600w\" sizes=\"auto, (max-width: 1280px) 100vw, 1280px\" \/><\/p>\n<p>La <a href=\"https:\/\/alfakher24h.de\/es\/?post_type=product&amp;p=1199&amp;preview=true\"><em>Tornado 12000 Aleatorio - Cigarrillo Electr\u00f3nico Desechable - Sabor Durazno Hielo<\/em> <\/a>Combina tecnolog\u00eda innovadora, rendimiento duradero y dise\u00f1o elegante en un solo dispositivo. Para los entusiastas del vapeo que buscan una soluci\u00f3n pr\u00e1ctica, fiable y con un sabor inconfundible, este producto es una verdadera revelaci\u00f3n. Con una capacidad de inhalaci\u00f3n excepcional y la combinaci\u00f3n \u00fanica de melocot\u00f3n afrutado y menta refrescante, el Random Tornado garantiza una experiencia de vapeo de primera categor\u00eda.<\/p>\n<p>Viva la experiencia <em>Tornado 12000 Aleatorio - Cigarrillo Electr\u00f3nico Desechable - Sabor Durazno Hielo<\/em> ahora exclusivamente en <a href=\"https:\/\/alfakher24h.de\/es\/\"><strong>alfakher24h.de<\/strong>,<\/a> la mayor plataforma en l\u00ednea para cigarrillos electr\u00f3nicos desechables en Alemania. Descubre por qu\u00e9 este producto es la elecci\u00f3n perfecta para vapeadores exigentes.<\/p>\n<h3>Descripci\u00f3n del producto: La tecnolog\u00eda m\u00e1s avanzada se encuentra con un placer duradero<\/h3>\n<p>La <em>Tornado 12000 Aleatorio - Cigarrillo Electr\u00f3nico Desechable - Sabor Durazno Hielo<\/em> No es solo otro vaporizador desechable, sino una verdadera obra maestra en t\u00e9rminos de rendimiento y dise\u00f1o. Con una gran cantidad de caracter\u00edsticas innovadoras que hacen que vapear sea m\u00e1s conveniente, agradable y elegante, este producto se destaca de otros. Ya sea que sea un vapeador experimentado o que est\u00e9 empezando a sumergirse en el mundo del vapeo, el Random Tornado superar\u00e1 con creces sus expectativas.<\/p>\n<p><strong>Rendimiento prolongado y comodidad<\/strong><br \/>\nCon una generosa capacidad de l\u00edquido electr\u00f3nico de 20 ml, este dispositivo ofrece hasta 12.000 bocanadas, lo que lo hace ideal para vapeadores a largo plazo. Esto significa que tendr\u00e1s que pasar menos tiempo rellenando o cambiando el dispositivo y podr\u00e1s concentrarte en disfrutar del vapeo.<\/p>\n<p><strong>Bater\u00eda recargable para un placer prolongado<\/strong><br \/>\nOtra caracter\u00edstica destacada de la Random Tornado es su potente bater\u00eda recargable de 850 mAh. El dispositivo se puede cargar c\u00f3modamente a trav\u00e9s de una conexi\u00f3n Type-C, lo que garantiza un uso r\u00e1pido y sencillo. As\u00ed, no tiene que preocuparse por frecuentes cambios de bater\u00eda o productos desechables costosos.<\/p>\n<p><strong>Flujo de aire personalizable<\/strong><br \/>\nCon el innovador control de flujo de aire, puede personalizar su experiencia de vapeo seg\u00fan sus preferencias. Ya sea que prefiera inhalaciones fuertes y densas o disfrutar de un vapor m\u00e1s ligero y a\u00e9reo, el regulador de flujo de aire le ofrece la flexibilidad de vapear al gusto.<\/p>\n<p><strong>Luces LED RGB para un destaque visual<\/strong><br \/>\nLas luces RGB hexagonales a\u00f1aden un toque elegante y colorido con cada pulsaci\u00f3n. Estos efectos de iluminaci\u00f3n \u00fanicos hacen que vapear no sea solo un placer para el paladar, sino tambi\u00e9n una experiencia para los ojos. Los colores brillantes le dan al dispositivo un aspecto moderno y son un verdadero punto de atenci\u00f3n, ya sea en casa o en movimiento.<\/p>\n<p><strong>2 % Nicotine strength for a balanced vaping experience<\/strong><br \/>\nLa <em>Tornado 12000 Aleatorio - Cigarrillo Electr\u00f3nico Desechable - Sabor Durazno Hielo<\/em> Viene con una fuerza de nicotina de 2 % (20 mg), que proporciona un golpe agradable y satisfactorio sin ser demasiado intenso. Esta fuerza de nicotina moderada hace que el dispositivo sea ideal para vapeadores que buscan una dosis de nicotina bien equilibrada.<\/p>\n<h3>Caracter\u00edsticas del producto en general<\/h3>\n<ul>\n<li><strong>Rendimiento duradero:<\/strong> Con 12.000 bocanillas gracias al generoso tanque de l\u00edquido electr\u00f3nico de 20 ml - perfecto para usuarios a largo plazo.<\/li>\n<li><strong>Bater\u00eda recargable<\/strong> La bater\u00eda de 850 mAh se carga r\u00e1pida y f\u00e1cilmente a trav\u00e9s de la conexi\u00f3n Type-C.<\/li>\n<li><strong>Control de flujo de aire individual:<\/strong> Adapte el flujo de aire a sus preferencias, desde r\u00e1fagas intensas hasta suaves.<\/li>\n<li><strong>Luces LED RGB:<\/strong> Seis LEDs RGB brillantes proporcionan una experiencia visual elegante.<\/li>\n<li><strong>2 % Nicotina fuerza:<\/strong> Perfecta dosificaci\u00f3n para un vapeo satisfactorio.<\/li>\n<li><strong>Dise\u00f1o ergon\u00f3mico:<\/strong> Compacto, pr\u00e1ctico e ideal para llevar.<\/li>\n<\/ul>\n<h3>El experiencia gustativa:  Helado de melocot\u00f3n (Peach Ice)<\/h3>\n<p>La <em>Tornado Aleatorio 12000 tiradas <a href=\"https:\/\/alfakher24h.de\/es\/\">Cigarrillo electr\u00f3nico desechable<\/a> \u2013 Peach Ice<\/em> Une dos sabores populares: la dulzura de un melocot\u00f3n maduro y la frescura refrescante de la menta. El resultado es una combinaci\u00f3n de sabores armoniosa que es a la vez afrutada y fresca - perfecta para el c\u00e1lido verano o cualquier momento en que desees un descanso refrescante.<\/p>\n<p><strong>Deliciosos melocotones<\/strong><br \/>\nEl aroma dominante en la <em>Peach Ice<\/em> Variante es el sabor de melocotones maduros. El sabor a melocot\u00f3n es intenso y jugoso - con una dulzura afrutada que recuerda inmediatamente al placer de un melocot\u00f3n reci\u00e9n cogido. Es la entrada perfecta en la experiencia de sabor que la <em>Peach Ice<\/em> Ofrece cigarrillo electr\u00f3nico desechable.<\/p>\n<p><strong>Refrescante mentol<\/strong><br \/>\nAdem\u00e1s de la dulzura afrutada, el mentol aporta un agradable frescor que complementa perfectamente la fruta del melocot\u00f3n. El sabor a mentol le da al vapeo una nota refrescante que redondea armoniosamente todo el sabor. Proporciona un frescor agradable en la boca y un efecto refrescante y ligero que proporciona enfriamiento con cada calada, especialmente en d\u00edas calurosos o despu\u00e9s de un largo d\u00eda de trabajo.<\/p>\n<p><strong>Combinaci\u00f3n perfecta<\/strong><br \/>\nLa combinaci\u00f3n de la dulzura afrutada del melocot\u00f3n y la frescura refrescante del mentol crea una experiencia de vapeo \u00fanica. El equilibrio entre los dos sabores es perfecto: ning\u00fan sabor domina al otro. Cada calada se siente como un placer afrutado y refrescante que te transporta inmediatamente a un estado de \u00e1nimo veraniego agradable.<\/p>\n<p>La <em>Peach Ice<\/em> Este sabor es ideal para vapeadores que buscan una mezcla equilibrada de frutas y frescura. Es la elecci\u00f3n perfecta para aquellos que aman el sabor de las frutas frescas, pero que tambi\u00e9n desean disfrutar de una nota refrescante. Esta mezcla proporciona una experiencia de sabor duradera que deleita el paladar y proporciona un refrescante enfriamiento.<\/p>\n<h3>Por qu\u00e9 comprar el cigarrillo electr\u00f3nico desechable Random Tornado 12000 caladas en Alfakher24h.de?<\/h3>\n<p><strong>La mayor plataforma de Alemania para cigarrillos electr\u00f3nicos desechables<\/strong><br \/>\nAuf <strong>alfakher24h.de<\/strong> ofrecemos no solo la <em>Tornado 12000 Aleatorio - Cigarrillo Electr\u00f3nico Desechable - Sabor Durazno Hielo<\/em>sino tambi\u00e9n una variedad de otros productos de primera categor\u00eda. Como plataforma en l\u00ednea l\u00edder para vapeadores desechables en Alemania, puede confiar en una amplia selecci\u00f3n y la m\u00e1s alta calidad.<\/p>\n<p><strong>Selecci\u00f3n y ofertas exclusivas<\/strong><br \/>\nAdem\u00e1s de la <em>Peach Ice<\/em> Encontrar\u00e1 numerosas variedades y modelos adicionales con nosotros que se ajustan a sus preferencias individuales. Nuestra selecci\u00f3n est\u00e1 en constante crecimiento, por lo que siempre podr\u00e1 descubrir los productos m\u00e1s nuevos y mejores.<\/p>\n<p><strong>Calidad y autenticidad garantizadas<\/strong><br \/>\nTodos nuestros productos provienen directamente de fabricantes reconocidos y se ajustan a los est\u00e1ndares de calidad m\u00e1s altos. As\u00ed puede estar seguro de que recibe un producto que es a la vez seguro y fiable.<\/p>\n<p><strong>Env\u00edo r\u00e1pido y compra c\u00f3moda<\/strong><br \/>\nLa compra en <strong>alfakher24h.de<\/strong> Es r\u00e1pido, seguro y sencillo. Con nuestro servicio de env\u00edo r\u00e1pido, recibir\u00e1 su pedido en el menor tiempo posible, para que pueda disfrutar de su nueva experiencia de vapeo pronto.<\/p>\n<p><strong>Excelente servicio al cliente<\/strong><br \/>\nNuestro amable y competente servicio al cliente est\u00e1 a su disposici\u00f3n en todo momento para ayudarle con cualquier pregunta o sugerencia.<\/p>\n<h3>Fazit: La elecci\u00f3n perfecta para los amantes de la fruta y la frescura<\/h3>\n<p>La <em>Tornado 12000 Aleatorio - Cigarrillo Electr\u00f3nico Desechable - Sabor Durazno Hielo<\/em> ofrece la experiencia de vapeo definitiva que siempre has deseado. Con un rendimiento duradero de hasta 12.000 caladas, una bater\u00eda recargable y el sabor refrescante de melocot\u00f3n jugoso y mentol refrescante, este cigarrillo electr\u00f3nico desechable es la elecci\u00f3n perfecta para aquellos que buscan una experiencia de vapeo de alta calidad y sabrosa.<\/p>\n<p>Ordene hoy mismo en <a href=\"https:\/\/alfakher24h.de\/es\/\"><strong>alfakher24h.de<\/strong> <\/a>y descubra por qu\u00e9 las <em>Tornado Aleatorio 12000 tiradas<a href=\"https:\/\/alfakher24h.de\/es\/\"> Cigarrillo electr\u00f3nico desechable<\/a> \u2013 Peach Ice<\/em> una de las mejores opciones para vapeadores en Alemania es.<\/p>","protected":false},"excerpt":{"rendered":"<p>La <em><strong>Tornado 12000  Aleatorio  Vape de un solo uso E-cigarrillo<\/strong> \u2013 Peach Ice<\/em> ofrece una refrescante experiencia de vapeo con la dulce fruta de los melocotones y una nota de mentol refrescante, que garantiza hasta 12.000 caladas.<\/p>","protected":false},"featured_media":1200,"comment_status":"open","ping_status":"closed","template":"","meta":{"om_disable_all_campaigns":false},"product_brand":[],"product_cat":[32],"product_tag":[],"class_list":{"0":"post-1199","1":"product","2":"type-product","3":"status-publish","4":"has-post-thumbnail","6":"product_cat-random-tornado-12000","8":"first","9":"outofstock","10":"shipping-taxable","11":"purchasable","12":"product-type-simple"},"_links":{"self":[{"href":"https:\/\/alfakher24h.de\/es\/wp-json\/wp\/v2\/product\/1199","targetHints":{"allow":["GET"]}}],"collection":[{"href":"https:\/\/alfakher24h.de\/es\/wp-json\/wp\/v2\/product"}],"about":[{"href":"https:\/\/alfakher24h.de\/es\/wp-json\/wp\/v2\/types\/product"}],"replies":[{"embeddable":true,"href":"https:\/\/alfakher24h.de\/es\/wp-json\/wp\/v2\/comments?post=1199"}],"wp:featuredmedia":[{"embeddable":true,"href":"https:\/\/alfakher24h.de\/es\/wp-json\/wp\/v2\/media\/1200"}],"wp:attachment":[{"href":"https:\/\/alfakher24h.de\/es\/wp-json\/wp\/v2\/media?parent=1199"}],"wp:term":[{"taxonomy":"product_brand","embeddable":true,"href":"https:\/\/alfakher24h.de\/es\/wp-json\/wp\/v2\/product_brand?post=1199"},{"taxonomy":"product_cat","embeddable":true,"href":"https:\/\/alfakher24h.de\/es\/wp-json\/wp\/v2\/product_cat?post=1199"},{"taxonomy":"product_tag","embeddable":true,"href":"https:\/\/alfakher24h.de\/es\/wp-json\/wp\/v2\/product_tag?post=1199"}],"curies":[{"name":"wp","href":"https:\/\/api.w.org\/{rel}","templated":true}]}}