{"id":568,"date":"2024-10-11T13:49:10","date_gmt":"2024-10-11T13:49:10","guid":{"rendered":"https:\/\/alfakher24h.de\/?page_id=568"},"modified":"2024-10-20T13:06:53","modified_gmt":"2024-10-20T13:06:53","slug":"comprar-cigarrillos-electronicos-con-codigo-qr-sepa","status":"publish","type":"page","link":"https:\/\/alfakher24h.de\/es\/comprar-cigarrillos-electronicos-con-codigo-qr-sepa\/","title":{"rendered":"E-Zigaretten mit SEPA-QR-Code kaufen"},"content":{"rendered":"<p><strong>Al Fakher 24h<\/strong> Ofrece no solo cigarrillos electr\u00f3nicos desechables de alta calidad de Al Fakher, sino tambi\u00e9n una experiencia de compra sencilla y segura. Nuestro objetivo es brindarle los mejores productos de Europa con m\u00e9todos de pago c\u00f3modos y modernos, para que en unos pocos pasos llegue a su vapor favorito.<\/p>\n<h4>Por qu\u00e9 elegir el c\u00f3digo QR SEPA como opci\u00f3n de pago?<\/h4>\n<p>El c\u00f3digo QR SEPA ofrece una forma sencilla y segura de realizar sus pagos de forma r\u00e1pida y sin errores. En lugar de introducir manualmente los datos bancarios, simplemente escanee un c\u00f3digo QR con su aplicaci\u00f3n bancaria y la informaci\u00f3n de pago se rellenar\u00e1 autom\u00e1ticamente. Esto ahorra tiempo, minimiza errores y ofrece una liquidaci\u00f3n de transacciones segura que cuenta con el respaldo de bancos de toda Europa.<\/p>\n<p>Los pagos con c\u00f3digo QR SEPA est\u00e1n muy extendidos en todos los grandes pa\u00edses europeos, entre ellos Alemania, Francia, Italia, Espa\u00f1a, B\u00e9lgica y Pa\u00edses Bajos. A continuaci\u00f3n, se presentan algunas ventajas de este m\u00e9todo de pago:<\/p>\n<ul>\n<li><strong>Velocidad y comodidad<\/strong>: Con un simple escaneo, puede completar su pedido en segundos.<\/li>\n<li><strong>Seguridad<\/strong>: Al codificar los c\u00f3digos QR de SEPA, su pago se realiza de forma segura y sus datos permanecen protegidos.<\/li>\n<li><strong>Transacciones libres de errores<\/strong>: No ingreso manual de datos bancarios, lo que elimina posibles fuentes de error.<\/li>\n<li><strong>Amplia aceptaci\u00f3n<\/strong>: El c\u00f3digo QR SEPA es compatible con todos los bancos europeos importantes.<\/li>\n<\/ul>\n<h4>C\u00f3mo se utiliza el c\u00f3digo QR de SEPA en Al Fakher 24h?<\/h4>\n<ol>\n<li><strong>Agregue sus cigarrillos electr\u00f3nicos Al Fakher al carrito<\/strong><br \/>\nExplore nuestra amplia selecci\u00f3n de cigarrillos electr\u00f3nicos desechables, incluyendo productos populares como <strong>Al Fakher Crown Bar 12000<\/strong>, <strong>Crown Bar 8000<\/strong> y la <strong>Crown Bar Big Cloud 8000 PRO<\/strong>Una vez que haya realizado su selecci\u00f3n, coloque los art\u00edculos en el carrito de compras.<\/li>\n<li><strong>Ir a la caja<\/strong><br \/>\nSi est\u00e1 listo para completar su pedido, vaya a la caja y seleccione \"C\u00f3digo QR SEPA\" como su m\u00e9todo de pago preferido.<\/li>\n<li><strong>Escanear el c\u00f3digo QR con su aplicaci\u00f3n bancaria<\/strong><br \/>\nAbre tu aplicaci\u00f3n de banca que admita pagos SEPA-QR. Escanea el c\u00f3digo QR que se muestra y la informaci\u00f3n de pago se rellenar\u00e1 autom\u00e1ticamente.<\/li>\n<li><strong>Confirmar pago<\/strong><br \/>\nVerifique la informaci\u00f3n de pago prellenada y confirme el pago con su m\u00e9todo de autenticaci\u00f3n (PIN o verificaci\u00f3n biom\u00e9trica).<\/li>\n<li><strong>Confirmaci\u00f3n recibida<\/strong><br \/>\nUna vez completado el pago, recibir\u00e1 un correo electr\u00f3nico de confirmaci\u00f3n con los detalles de su pedido. Sus cigarrillos electr\u00f3nicos ser\u00e1n enviados lo antes posible desde nuestro almac\u00e9n en Europa, de modo que recibir\u00e1 su pedido en un plazo de 3-7 d\u00edas laborables.<\/li>\n<\/ol>\n<h4>Ventajas de comprar en Al Fakher 24h<\/h4>\n<ul>\n<li><strong>Productos premium de Europa<\/strong>Ofrecemos una selecci\u00f3n exclusiva de cigarrillos electr\u00f3nicos Al Fakher, conocidos por su excelente sabor y calidad.<\/li>\n<li><strong>Env\u00edo gratuito a partir de 49,99 \u20ac<\/strong>: A partir de un valor de pedido de 49,99 \u20ac enviamos dentro de Alemania sin gastos de env\u00edo.<\/li>\n<li><strong>Opciones de pago seguras y flexibles<\/strong>: Adem\u00e1s del c\u00f3digo QR SEPA, tambi\u00e9n aceptamos PayPal, tarjetas de cr\u00e9dito, criptomonedas y m\u00e9todos de pago locales populares como iDEAL (Pa\u00edses Bajos) y Bancontact (B\u00e9lgica).<\/li>\n<li><strong>Entrega r\u00e1pida desde Europa<\/strong>: Todos los pedidos se entregan en su direcci\u00f3n en un plazo de 3 a 7 d\u00edas.<\/li>\n<\/ul>\n<h4>Ahora compre y vapee con estilo.<\/h4>\n<p>Descubra nuestra selecci\u00f3n de <strong>Al Fakher<\/strong> Cigarrillos electr\u00f3nicos desechables y aprovecha nuestra opci\u00f3n de pago con c\u00f3digo QR SEPA r\u00e1pido y seguro. Ya sea que compres para uso personal o para vender en tu tienda, en <strong>Al Fakher 24h<\/strong> Encuentre las mejores ofertas y una experiencia de vapeo incomparable.<\/p>\n<p>Si tiene alguna pregunta o necesita ayuda, nuestro equipo de servicio al cliente est\u00e1 disponible en cualquier momento por correo electr\u00f3nico: <strong><a rel=\"noopener\">info@alfakher24h.de<\/a><\/strong>.<\/p>","protected":false},"excerpt":{"rendered":"<p>Al Fakher 24h bietet Ihnen nicht nur hochwertige Einweg-E-Zigaretten von Al Fakher, sondern auch eine unkomplizierte und sichere Einkaufserfahrung. Unser Ziel ist es, Ihnen die besten Produkte aus Europa mit bequemen und modernen Zahlungsmethoden zu liefern, damit Sie in wenigen Schritten zu Ihrem Lieblingsdampf kommen. Warum SEPA-QR-Code als Zahlungsoption w\u00e4hlen? Der SEPA-QR-Code bietet eine einfache [\u2026]","protected":false},"author":1,"featured_media":0,"parent":0,"menu_order":0,"comment_status":"closed","ping_status":"closed","template":"page-blank-title-center.php","meta":{"om_disable_all_campaigns":false,"footnotes":""},"class_list":["post-568","page","type-page","status-publish","hentry"],"_links":{"self":[{"href":"https:\/\/alfakher24h.de\/es\/wp-json\/wp\/v2\/pages\/568","targetHints":{"allow":["GET"]}}],"collection":[{"href":"https:\/\/alfakher24h.de\/es\/wp-json\/wp\/v2\/pages"}],"about":[{"href":"https:\/\/alfakher24h.de\/es\/wp-json\/wp\/v2\/types\/page"}],"author":[{"embeddable":true,"href":"https:\/\/alfakher24h.de\/es\/wp-json\/wp\/v2\/users\/1"}],"replies":[{"embeddable":true,"href":"https:\/\/alfakher24h.de\/es\/wp-json\/wp\/v2\/comments?post=568"}],"version-history":[{"count":2,"href":"https:\/\/alfakher24h.de\/es\/wp-json\/wp\/v2\/pages\/568\/revisions"}],"predecessor-version":[{"id":612,"href":"https:\/\/alfakher24h.de\/es\/wp-json\/wp\/v2\/pages\/568\/revisions\/612"}],"wp:attachment":[{"href":"https:\/\/alfakher24h.de\/es\/wp-json\/wp\/v2\/media?parent=568"}],"curies":[{"name":"wp","href":"https:\/\/api.w.org\/{rel}","templated":true}]}}