{"id":502,"date":"2024-10-11T13:17:33","date_gmt":"2024-10-11T13:17:33","guid":{"rendered":"https:\/\/alfakher24h.de\/?page_id=502"},"modified":"2024-10-12T02:11:31","modified_gmt":"2024-10-12T02:11:31","slug":"metodos-de-pago","status":"publish","type":"page","link":"https:\/\/alfakher24h.de\/es\/metodos-de-pago\/","title":{"rendered":"M\u00e9todos de pago"},"content":{"rendered":"<p>En <strong>Al Fakher 24h \u2013 Premium E-Zigarettes desechables de Alemania<\/strong> Entendemos la importancia de m\u00e9todos de pago seguros y c\u00f3modos para nuestros clientes en toda Europa. Para satisfacer las diversas necesidades de nuestros clientes y garantizar un proceso de pedido sin problemas, ofrecemos una variedad de opciones de pago. Ya sea que desee comprar un solo cigarrillo electr\u00f3nico de un solo uso o realizar un pedido m\u00e1s grande, encontrar\u00e1 el m\u00e9todo de pago adecuado con nosotros.<\/p>\n<h4>Pagos con tarjeta de cr\u00e9dito<\/h4>\n<p>Aceptamos todas las tarjetas de cr\u00e9dito comunes como <strong>Visa<\/strong>, <strong>MasterCard<\/strong> y <strong>American Express<\/strong>Este m\u00e9todo de pago ofrece una forma r\u00e1pida y segura de pagar su pedido. Gracias a las tecnolog\u00edas de cifrado modernas, sus datos est\u00e1n protegidos en todo momento.<\/p>\n<h4>2. PayPal<\/h4>\n<p>Si utiliza el servicio de pago reconocido mundialmente <strong>PayPal<\/strong> prefieren, tambi\u00e9n puede pagar c\u00f3modamente y de manera segura con nosotros. PayPal ofrece protecci\u00f3n adicional al comprador y es especialmente ventajosa para pedidos m\u00e1s grandes, ya que los pagos se procesan de inmediato.<\/p>\n<h4>3. Transferencia bancaria (SEPA y transferencias internacionales)<\/h4>\n<p>Para los clientes que prefieren m\u00e9todos de pago m\u00e1s tradicionales o realizan pedidos m\u00e1s grandes, ofrecemos la posibilidad de <strong>Transferencia bancaria<\/strong> Esto incluye tanto <strong>Transferencias SEPA<\/strong> Dentro de la Eurozona, as\u00ed como transferencias internacionales. Las transferencias SEPA son un m\u00e9todo rentable y eficiente para realizar pagos en euros, mientras que las transferencias internacionales son especialmente \u00fatiles en pedidos transfronterizos.<\/p>\n<h4>4. Criptomonedas<\/h4>\n<p>En el mundo digital de hoy ofrecemos tambi\u00e9n <strong>Criptomonedas<\/strong> como opci\u00f3n de pago. Puede pagar con nosotros con <strong>Bitcoin (BTC)<\/strong>, <strong>Ethereum (ETH)<\/strong> y otras criptomonedas comunes. Este m\u00e9todo de pago es descentralizado y ofrece una forma r\u00e1pida y sin fronteras de completar su pedido.<\/p>\n<h4>5. iDEAL (Pa\u00edses Bajos)<\/h4>\n<p>Para nuestros clientes en los Pa\u00edses Bajos ofrecemos el m\u00e9todo de pago popular <strong>iDEAL<\/strong> Con iDEAL puede pagar de forma segura y directa desde su cuenta bancaria holandesa, lo que permite un proceso de transacci\u00f3n r\u00e1pido y sin problemas.<\/p>\n<h4>6. Bancontact (B\u00e9lgica)<\/h4>\n<p>Clientes de B\u00e9lgica pueden con nosotros a trav\u00e9s de <strong>Bancontact<\/strong>, el sistema de pago en l\u00ednea l\u00edder en B\u00e9lgica, para pagar sus pedidos. Bancontact ofrece un m\u00e9todo de pago r\u00e1pido, seguro y eficiente, ideal para compradores en B\u00e9lgica.<\/p>\n<h4>7. Wise Transfer (anteriormente TransferWise)<\/h4>\n<p>Para clientes internacionales que buscan una soluci\u00f3n rentable, ofrecemos pagos a trav\u00e9s de <strong>Wise Transfer<\/strong> Este servicio permite realizar pagos transfronterizos sencillos con bajas comisiones y tipos de cambio transparentes, ideales para clientes fuera de la zona euro.<\/p>\n<h3>Seguridad de sus transacciones<\/h3>\n<p>En <strong>Al Fakher 24h<\/strong> Damos gran importancia a la seguridad de sus pagos. Todas las transacciones se realizan a trav\u00e9s de pasarelas de pago confiables y seguras. Sus datos de pago est\u00e1n protegidos por sistemas de cifrado de \u00faltima generaci\u00f3n y de protecci\u00f3n contra fraude, por lo que puede comprar con nosotros con total seguridad.<\/p>\n<h3>Cont\u00e1ctenos para soluciones individuales<\/h3>\n<p>\u00bfTiene requisitos de pago especiales o necesita ayuda con pedidos m\u00e1s grandes? Nuestro <strong>Equipo de atenci\u00f3n al cliente<\/strong> est\u00e1 a su disposici\u00f3n en todo momento para responder a sus preguntas y ofrecer soluciones personalizadas para sus necesidades de pago. Simplemente env\u00edenos un correo electr\u00f3nico a <strong><a rel=\"noopener\">info@alfakher24h.de<\/a><\/strong>y le ayudaremos con gusto.<\/p>\n<p>Muchas gracias por <strong>Al Fakher 24h<\/strong> Han elegido para sus cigarrillos electr\u00f3nicos desechables Premium de Alemania.<\/p>","protected":false},"excerpt":{"rendered":"<p>En Al Fakher 24h - Premium cigarrillos electr\u00f3nicos desechables de Alemania, entendemos la importancia de m\u00e9todos de pago seguros y c\u00f3modos para nuestros clientes en toda Europa. Para satisfacer las diferentes necesidades de nuestros clientes y garantizar un proceso de pedido sin problemas, ofrecemos una variedad de opciones de pago. Ya sea que desee comprar solo un cigarrillo electr\u00f3nico desechable o una [\u2026]","protected":false},"author":1,"featured_media":0,"parent":0,"menu_order":0,"comment_status":"closed","ping_status":"closed","template":"page-blank-title-center.php","meta":{"om_disable_all_campaigns":false,"footnotes":""},"class_list":["post-502","page","type-page","status-publish","hentry"],"_links":{"self":[{"href":"https:\/\/alfakher24h.de\/es\/wp-json\/wp\/v2\/pages\/502","targetHints":{"allow":["GET"]}}],"collection":[{"href":"https:\/\/alfakher24h.de\/es\/wp-json\/wp\/v2\/pages"}],"about":[{"href":"https:\/\/alfakher24h.de\/es\/wp-json\/wp\/v2\/types\/page"}],"author":[{"embeddable":true,"href":"https:\/\/alfakher24h.de\/es\/wp-json\/wp\/v2\/users\/1"}],"replies":[{"embeddable":true,"href":"https:\/\/alfakher24h.de\/es\/wp-json\/wp\/v2\/comments?post=502"}],"version-history":[{"count":4,"href":"https:\/\/alfakher24h.de\/es\/wp-json\/wp\/v2\/pages\/502\/revisions"}],"predecessor-version":[{"id":594,"href":"https:\/\/alfakher24h.de\/es\/wp-json\/wp\/v2\/pages\/502\/revisions\/594"}],"wp:attachment":[{"href":"https:\/\/alfakher24h.de\/es\/wp-json\/wp\/v2\/media?parent=502"}],"curies":[{"name":"wp","href":"https:\/\/api.w.org\/{rel}","templated":true}]}}