{"id":499,"date":"2024-10-11T13:15:46","date_gmt":"2024-10-11T13:15:46","guid":{"rendered":"https:\/\/alfakher24h.de\/?page_id=499"},"modified":"2024-10-12T12:10:33","modified_gmt":"2024-10-12T12:10:33","slug":"contacto","status":"publish","type":"page","link":"https:\/\/alfakher24h.de\/es\/contacto\/","title":{"rendered":"Contacto"},"content":{"rendered":"<p>Estamos a su disposici\u00f3n en Al Fakher 24h para responder a todas sus preguntas sobre nuestros productos, su pedido o el env\u00edo. Como proveedor l\u00edder de cigarrillos electr\u00f3nicos desechables Al Fakher en la UE, estamos orgullosos de ofrecer a nuestros clientes un servicio al cliente y soporte excelentes.<\/p>\n<p><strong>Opciones de contacto:<\/strong><\/p>\n<ul>\n<li><strong>Correo electr\u00f3nico<\/strong><br \/>\nEscr\u00edbenos un correo electr\u00f3nico a <strong><a rel=\"noopener\">info@alfakher24h.de<\/a><\/strong>y nos pondremos en contacto con usted lo antes posible. Ya sea que tenga preguntas sobre nuestra selecci\u00f3n, necesite ayuda con su pedido o desee m\u00e1s informaci\u00f3n, nuestro equipo estar\u00e1 a su disposici\u00f3n para aconsejarle y ayudarle.<\/li>\n<\/ul>\n<p><strong>Nuestros beneficios:<\/strong><\/p>\n<ul>\n<li><strong>Env\u00edo gratuito a partir de 49,99 \u20ac en Alemania:<\/strong><br \/>\nAprovecha el env\u00edo gratuito al realizar pedidos superiores a 49,99 \u20ac. Entregamos tus productos Al Fakher en un plazo de 3-7 d\u00edas directamente desde nuestro almac\u00e9n europeo.<\/li>\n<li><strong>M\u00e9todos de pago vers\u00e1tiles:<\/strong><br \/>\nOfrecemos opciones de pago flexibles, incluyendo PayPal, tarjeta de cr\u00e9dito, iDEAL para clientes de los Pa\u00edses Bajos, Bancontact para clientes de B\u00e9lgica y transferencias bancarias SEPA para clientes de toda Europa.<\/li>\n<li><strong>Env\u00edo r\u00e1pido a la UE:<\/strong><br \/>\nNuestra eficiente log\u00edstica permite entregas r\u00e1pidas y seguras en muchos pa\u00edses europeos, entre ellos Alemania, Francia, los Pa\u00edses Bajos, B\u00e9lgica y muchos m\u00e1s.<\/li>\n<\/ul>\n<p><strong>Preguntas sobre su pedido?<\/strong><\/p>\n<p>Si necesita ayuda con un pedido o tiene preguntas sobre nuestros productos Al Fakher, puede contactarnos en cualquier momento por correo electr\u00f3nico. Nuestro amable servicio al cliente est\u00e1 a su disposici\u00f3n para garantizar que su experiencia de compra con nosotros sea fluida y satisfactoria.<\/p>\n\n<div class=\"wpcf7 no-js\" id=\"wpcf7-f7-o1\" lang=\"de-DE\" dir=\"ltr\" data-wpcf7-id=\"7\">\n<div class=\"screen-reader-response\"><p role=\"status\" aria-live=\"polite\" aria-atomic=\"true\"><\/p> <ul><\/ul><\/div>\n<form action=\"\/es\/wp-json\/wp\/v2\/pages\/499#wpcf7-f7-o1\" method=\"post\" class=\"wpcf7-form init\" aria-label=\"Formulario de contacto\" novalidate=\"novalidate\" data-status=\"init\" data-trp-original-action=\"\/es\/wp-json\/wp\/v2\/pages\/499#wpcf7-f7-o1\">\n<fieldset class=\"hidden-fields-container\"><input type=\"hidden\" name=\"_wpcf7\" value=\"7\" \/><input type=\"hidden\" name=\"_wpcf7_version\" value=\"6.1.1\" \/><input type=\"hidden\" name=\"_wpcf7_locale\" value=\"de_DE\" \/><input type=\"hidden\" name=\"_wpcf7_unit_tag\" value=\"wpcf7-f7-o1\" \/><input type=\"hidden\" name=\"_wpcf7_container_post\" value=\"0\" \/><input type=\"hidden\" name=\"_wpcf7_posted_data_hash\" value=\"\" \/><input type=\"hidden\" name=\"_wpcf7_recaptcha_response\" value=\"\" \/>\n<\/fieldset>\n<p><label> Mi nombre<br \/>\n<span class=\"wpcf7-form-control-wrap\" data-name=\"your-name\"><input size=\"40\" maxlength=\"400\" class=\"wpcf7-form-control wpcf7-text wpcf7-validates-as-required\" autocomplete=\"name\" aria-required=\"true\" aria-invalid=\"false\" value=\"\" type=\"text\" name=\"your-name\" \/><\/span> <\/label>\n<\/p>\n<p><label> Su correo electr\u00f3nico<br \/>\n<span class=\"wpcf7-form-control-wrap\" data-name=\"your-email\"><input size=\"40\" maxlength=\"400\" class=\"wpcf7-form-control wpcf7-email wpcf7-validates-as-required wpcf7-text wpcf7-validates-as-email\" autocomplete=\"email\" aria-required=\"true\" aria-invalid=\"false\" value=\"\" type=\"email\" name=\"your-email\" \/><\/span> <\/label>\n<\/p>\n<p><label> Asunto<br \/>\n<span class=\"wpcf7-form-control-wrap\" data-name=\"your-subject\"><input size=\"40\" maxlength=\"400\" class=\"wpcf7-form-control wpcf7-text wpcf7-validates-as-required\" aria-required=\"true\" aria-invalid=\"false\" value=\"\" type=\"text\" name=\"your-subject\" \/><\/span> <\/label>\n<\/p>\n<p><label> Tu mensaje (opcional)<br \/>\n<span class=\"wpcf7-form-control-wrap\" data-name=\"your-message\"><textarea cols=\"40\" rows=\"10\" maxlength=\"2000\" class=\"wpcf7-form-control wpcf7-textarea\" aria-invalid=\"false\" name=\"your-message\"><\/textarea><\/span> <\/label>\n<\/p>\n<p><input class=\"wpcf7-form-control wpcf7-submit has-spinner\" type=\"submit\" value=\"Enviar\" \/>\n<\/p><div class=\"wpcf7-response-output\" aria-hidden=\"true\"><\/div>\n<input type=\"hidden\" name=\"trp-form-language\" value=\"es\"\/><\/form>\n<\/div>","protected":false},"excerpt":{"rendered":"<p>Nosotros en Al Fakher 24h estamos aqu\u00ed para ayudarle con gusto a responder a todas sus preguntas sobre nuestros productos, su pedido o el env\u00edo. Como proveedor l\u00edder de cigarrillos electr\u00f3nicos desechables Al Fakher en la UE, estamos orgullosos de ofrecer a nuestros clientes un servicio al cliente y soporte excelente. Opciones de contacto: Correo electr\u00f3nico: Escr\u00edbanos un correo electr\u00f3nico a info@alfakher24h.de, [\u2026]","protected":false},"author":1,"featured_media":0,"parent":0,"menu_order":0,"comment_status":"closed","ping_status":"closed","template":"page-blank-title-center.php","meta":{"om_disable_all_campaigns":false,"footnotes":""},"class_list":["post-499","page","type-page","status-publish","hentry"],"_links":{"self":[{"href":"https:\/\/alfakher24h.de\/es\/wp-json\/wp\/v2\/pages\/499","targetHints":{"allow":["GET"]}}],"collection":[{"href":"https:\/\/alfakher24h.de\/es\/wp-json\/wp\/v2\/pages"}],"about":[{"href":"https:\/\/alfakher24h.de\/es\/wp-json\/wp\/v2\/types\/page"}],"author":[{"embeddable":true,"href":"https:\/\/alfakher24h.de\/es\/wp-json\/wp\/v2\/users\/1"}],"replies":[{"embeddable":true,"href":"https:\/\/alfakher24h.de\/es\/wp-json\/wp\/v2\/comments?post=499"}],"version-history":[{"count":4,"href":"https:\/\/alfakher24h.de\/es\/wp-json\/wp\/v2\/pages\/499\/revisions"}],"predecessor-version":[{"id":615,"href":"https:\/\/alfakher24h.de\/es\/wp-json\/wp\/v2\/pages\/499\/revisions\/615"}],"wp:attachment":[{"href":"https:\/\/alfakher24h.de\/es\/wp-json\/wp\/v2\/media?parent=499"}],"curies":[{"name":"wp","href":"https:\/\/api.w.org\/{rel}","templated":true}]}}